{"id":1212,"date":"2023-12-05T16:31:31","date_gmt":"2023-12-05T13:31:31","guid":{"rendered":"https:\/\/devel2.wp.eduead.com.br\/?page_id=1212"},"modified":"2024-10-28T21:43:17","modified_gmt":"2024-10-28T18:43:17","slug":"registro","status":"publish","type":"page","link":"https:\/\/partner.grupodirectweb.com.br\/index.php\/registro\/","title":{"rendered":"Registro"},"content":{"rendered":"\t\t<div data-elementor-type=\"wp-page\" data-elementor-id=\"1212\" class=\"elementor elementor-1212\" data-elementor-post-type=\"page\">\n\t\t\t\t<div class=\"elementor-element elementor-element-6f81d1fa e-flex e-con-boxed e-con e-parent\" data-id=\"6f81d1fa\" data-element_type=\"container\" data-e-type=\"container\" data-settings=\"{&quot;background_background&quot;:&quot;classic&quot;}\">\n\t\t\t\t\t<div class=\"e-con-inner\">\n\t\t<div class=\"elementor-element elementor-element-55ff6568 e-con-full e-flex e-con e-child\" data-id=\"55ff6568\" data-element_type=\"container\" data-e-type=\"container\">\n\t\t\t\t<div class=\"elementor-element elementor-element-1626afec elementor-widget__width-initial elementor-widget elementor-widget-image\" data-id=\"1626afec\" data-element_type=\"widget\" data-e-type=\"widget\" data-widget_type=\"image.default\">\n\t\t\t\t<div class=\"elementor-widget-container\">\n\t\t\t\t\t\t\t\t\t\t\t\t\t\t\t\t<a href=\"https:\/\/saleschannels.com.br\/\">\n\t\t\t\t\t\t\t<img fetchpriority=\"high\" decoding=\"async\" width=\"768\" height=\"160\" src=\"https:\/\/partner.grupodirectweb.com.br\/wp-content\/uploads\/2023\/11\/sc_afiliados-768x160.png\" class=\"attachment-medium_large size-medium_large wp-image-26\" alt=\"\" srcset=\"https:\/\/partner.grupodirectweb.com.br\/wp-content\/uploads\/2023\/11\/sc_afiliados-768x160.png 768w, https:\/\/partner.grupodirectweb.com.br\/wp-content\/uploads\/2023\/11\/sc_afiliados-300x62.png 300w, https:\/\/partner.grupodirectweb.com.br\/wp-content\/uploads\/2023\/11\/sc_afiliados-1024x213.png 1024w, https:\/\/partner.grupodirectweb.com.br\/wp-content\/uploads\/2023\/11\/sc_afiliados-1536x320.png 1536w, https:\/\/partner.grupodirectweb.com.br\/wp-content\/uploads\/2023\/11\/sc_afiliados-2048x426.png 2048w\" sizes=\"(max-width: 768px) 100vw, 768px\" \/>\t\t\t\t\t\t\t\t<\/a>\n\t\t\t\t\t\t\t\t\t\t\t\t\t\t\t<\/div>\n\t\t\t\t<\/div>\n\t\t\t\t<\/div>\n\t\t<div class=\"elementor-element elementor-element-2863691e e-con-full e-flex e-con e-child\" data-id=\"2863691e\" data-element_type=\"container\" data-e-type=\"container\">\n\t\t<div class=\"elementor-element elementor-element-29036370 e-flex e-con-boxed e-con e-child\" data-id=\"29036370\" data-element_type=\"container\" data-e-type=\"container\">\n\t\t\t\t\t<div class=\"e-con-inner\">\n\t\t<div class=\"elementor-element elementor-element-52b1a77d e-flex e-con-boxed e-con e-child\" data-id=\"52b1a77d\" data-element_type=\"container\" data-e-type=\"container\">\n\t\t\t\t\t<div class=\"e-con-inner\">\n\t\t\t\t<div class=\"elementor-element elementor-element-51418f39 elementor-align-left elementor-widget elementor-widget-button\" data-id=\"51418f39\" data-element_type=\"widget\" data-e-type=\"widget\" data-widget_type=\"button.default\">\n\t\t\t\t<div class=\"elementor-widget-container\">\n\t\t\t\t\t\t\t\t\t<div class=\"elementor-button-wrapper\">\n\t\t\t\t\t<a class=\"elementor-button elementor-button-link elementor-size-sm\" href=\"https:\/\/saleschannels.com.br\/index.php\/suporte\/\">\n\t\t\t\t\t\t<span class=\"elementor-button-content-wrapper\">\n\t\t\t\t\t\t\t\t\t<span class=\"elementor-button-text\">Suporte<\/span>\n\t\t\t\t\t<\/span>\n\t\t\t\t\t<\/a>\n\t\t\t\t<\/div>\n\t\t\t\t\t\t\t\t<\/div>\n\t\t\t\t<\/div>\n\t\t\t\t\t<\/div>\n\t\t\t\t<\/div>\n\t\t<div class=\"elementor-element elementor-element-45968f1f e-flex e-con-boxed e-con e-child\" data-id=\"45968f1f\" data-element_type=\"container\" data-e-type=\"container\">\n\t\t\t\t\t<div class=\"e-con-inner\">\n\t\t\t\t<div class=\"elementor-element elementor-element-20a09f13 elementor-align-left elementor-widget elementor-widget-button\" data-id=\"20a09f13\" data-element_type=\"widget\" data-e-type=\"widget\" data-widget_type=\"button.default\">\n\t\t\t\t<div class=\"elementor-widget-container\">\n\t\t\t\t\t\t\t\t\t<div class=\"elementor-button-wrapper\">\n\t\t\t\t\t<a class=\"elementor-button elementor-button-link elementor-size-sm\" href=\"https:\/\/saleschannels.com.br\/index.php\/servicos\/\">\n\t\t\t\t\t\t<span class=\"elementor-button-content-wrapper\">\n\t\t\t\t\t\t\t\t\t<span class=\"elementor-button-text\">Servi\u00e7os<\/span>\n\t\t\t\t\t<\/span>\n\t\t\t\t\t<\/a>\n\t\t\t\t<\/div>\n\t\t\t\t\t\t\t\t<\/div>\n\t\t\t\t<\/div>\n\t\t\t\t\t<\/div>\n\t\t\t\t<\/div>\n\t\t<div class=\"elementor-element elementor-element-6deb25ae e-flex e-con-boxed e-con e-child\" data-id=\"6deb25ae\" data-element_type=\"container\" data-e-type=\"container\">\n\t\t\t\t\t<div class=\"e-con-inner\">\n\t\t\t\t<div class=\"elementor-element elementor-element-250a3864 elementor-align-left elementor-widget elementor-widget-button\" data-id=\"250a3864\" data-element_type=\"widget\" data-e-type=\"widget\" data-widget_type=\"button.default\">\n\t\t\t\t<div class=\"elementor-widget-container\">\n\t\t\t\t\t\t\t\t\t<div class=\"elementor-button-wrapper\">\n\t\t\t\t\t<a class=\"elementor-button elementor-button-link elementor-size-sm\" href=\"https:\/\/saleschannels.com.br\/index.php\/cadastro-rapido\/\">\n\t\t\t\t\t\t<span class=\"elementor-button-content-wrapper\">\n\t\t\t\t\t\t\t\t\t<span class=\"elementor-button-text\">Login<\/span>\n\t\t\t\t\t<\/span>\n\t\t\t\t\t<\/a>\n\t\t\t\t<\/div>\n\t\t\t\t\t\t\t\t<\/div>\n\t\t\t\t<\/div>\n\t\t\t\t\t<\/div>\n\t\t\t\t<\/div>\n\t\t\t\t\t<\/div>\n\t\t\t\t<\/div>\n\t\t\t\t<\/div>\n\t\t\t\t\t<\/div>\n\t\t\t\t<\/div>\n\t\t<div class=\"elementor-element elementor-element-7a9f658e e-flex e-con-boxed e-con e-parent\" data-id=\"7a9f658e\" data-element_type=\"container\" data-e-type=\"container\" data-settings=\"{&quot;background_background&quot;:&quot;gradient&quot;}\">\n\t\t\t\t\t<div class=\"e-con-inner\">\n\t\t<div class=\"elementor-element elementor-element-44ea975 e-con-full e-flex e-con e-child\" data-id=\"44ea975\" data-element_type=\"container\" data-e-type=\"container\">\n\t\t\t\t<div class=\"elementor-element elementor-element-572c1e1a elementor-widget elementor-widget-heading\" data-id=\"572c1e1a\" data-element_type=\"widget\" data-e-type=\"widget\" data-widget_type=\"heading.default\">\n\t\t\t\t<div class=\"elementor-widget-container\">\n\t\t\t\t\t<h2 class=\"elementor-heading-title elementor-size-default\">Cadastro de Partner<\/h2>\t\t\t\t<\/div>\n\t\t\t\t<\/div>\n\t\t\t\t<div class=\"elementor-element elementor-element-1a637cfc elementor-widget-divider--view-line elementor-widget elementor-widget-divider\" data-id=\"1a637cfc\" data-element_type=\"widget\" data-e-type=\"widget\" data-widget_type=\"divider.default\">\n\t\t\t\t<div class=\"elementor-widget-container\">\n\t\t\t\t\t\t\t<div class=\"elementor-divider\">\n\t\t\t<span class=\"elementor-divider-separator\">\n\t\t\t\t\t\t<\/span>\n\t\t<\/div>\n\t\t\t\t\t\t<\/div>\n\t\t\t\t<\/div>\n\t\t\t\t<\/div>\n\t\t<div class=\"elementor-element elementor-element-34337b2d e-flex e-con-boxed e-con e-child\" data-id=\"34337b2d\" data-element_type=\"container\" data-e-type=\"container\">\n\t\t\t\t\t<div class=\"e-con-inner\">\n\t\t<div class=\"elementor-element elementor-element-b29a0e5 e-flex e-con-boxed e-con e-child\" data-id=\"b29a0e5\" data-element_type=\"container\" data-e-type=\"container\">\n\t\t\t\t\t<div class=\"e-con-inner\">\n\t\t<div class=\"elementor-element elementor-element-85d861c e-flex e-con-boxed e-con e-child\" data-id=\"85d861c\" data-element_type=\"container\" data-e-type=\"container\">\n\t\t\t\t\t<div class=\"e-con-inner\">\n\t\t\t\t<div class=\"elementor-element elementor-element-fdac26c elementor-widget elementor-widget-heading\" data-id=\"fdac26c\" data-element_type=\"widget\" data-e-type=\"widget\" data-widget_type=\"heading.default\">\n\t\t\t\t<div class=\"elementor-widget-container\">\n\t\t\t\t\t<h2 class=\"elementor-heading-title elementor-size-default\">Efetiva\u00e7\u00e3o de ades\u00e3o\u200b<\/h2>\t\t\t\t<\/div>\n\t\t\t\t<\/div>\n\t\t\t\t<div class=\"elementor-element elementor-element-f470ae4 elementor-widget-divider--view-line elementor-widget elementor-widget-divider\" data-id=\"f470ae4\" data-element_type=\"widget\" data-e-type=\"widget\" data-widget_type=\"divider.default\">\n\t\t\t\t<div class=\"elementor-widget-container\">\n\t\t\t\t\t\t\t<div class=\"elementor-divider\">\n\t\t\t<span class=\"elementor-divider-separator\">\n\t\t\t\t\t\t<\/span>\n\t\t<\/div>\n\t\t\t\t\t\t<\/div>\n\t\t\t\t<\/div>\n\t\t\t\t\t<\/div>\n\t\t\t\t<\/div>\n\t\t<div class=\"elementor-element elementor-element-b8b000d e-flex e-con-boxed e-con e-child\" data-id=\"b8b000d\" data-element_type=\"container\" data-e-type=\"container\">\n\t\t\t\t\t<div class=\"e-con-inner\">\n\t\t\t\t<div class=\"elementor-element elementor-element-42e2a08 class_texto elementor-widget elementor-widget-text-editor\" data-id=\"42e2a08\" data-element_type=\"widget\" data-e-type=\"widget\" data-widget_type=\"text-editor.default\">\n\t\t\t\t<div class=\"elementor-widget-container\">\n\t\t\t\t\t\t\t\t\t<p>Coloque seus dados no formul\u00e1rio ao lado, para que possamos dar continuidade a sua efetiva\u00e7\u00e3o.\u00a0<\/p><p>\u00a0<\/p>\t\t\t\t\t\t\t\t<\/div>\n\t\t\t\t<\/div>\n\t\t\t\t\t<\/div>\n\t\t\t\t<\/div>\n\t\t<div class=\"elementor-element elementor-element-b800b79 e-con-full e-flex e-con e-child\" data-id=\"b800b79\" data-element_type=\"container\" data-e-type=\"container\">\n\t\t\t\t<div class=\"elementor-element elementor-element-fdf8bfc elementor-widget elementor-widget-image\" data-id=\"fdf8bfc\" data-element_type=\"widget\" data-e-type=\"widget\" data-widget_type=\"image.default\">\n\t\t\t\t<div class=\"elementor-widget-container\">\n\t\t\t\t\t\t\t\t\t\t\t\t\t\t\t<img decoding=\"async\" width=\"800\" height=\"800\" src=\"https:\/\/partner.grupodirectweb.com.br\/wp-content\/uploads\/2023\/12\/Privacy-policy-rafiki-1024x1024.png\" class=\"attachment-large size-large wp-image-1145\" alt=\"\" srcset=\"https:\/\/partner.grupodirectweb.com.br\/wp-content\/uploads\/2023\/12\/Privacy-policy-rafiki-1024x1024.png 1024w, https:\/\/partner.grupodirectweb.com.br\/wp-content\/uploads\/2023\/12\/Privacy-policy-rafiki-300x300.png 300w, https:\/\/partner.grupodirectweb.com.br\/wp-content\/uploads\/2023\/12\/Privacy-policy-rafiki-150x150.png 150w, https:\/\/partner.grupodirectweb.com.br\/wp-content\/uploads\/2023\/12\/Privacy-policy-rafiki-768x768.png 768w, https:\/\/partner.grupodirectweb.com.br\/wp-content\/uploads\/2023\/12\/Privacy-policy-rafiki-1536x1536.png 1536w, https:\/\/partner.grupodirectweb.com.br\/wp-content\/uploads\/2023\/12\/Privacy-policy-rafiki.png 2000w\" sizes=\"(max-width: 800px) 100vw, 800px\" \/>\t\t\t\t\t\t\t\t\t\t\t\t\t\t\t<\/div>\n\t\t\t\t<\/div>\n\t\t\t\t<\/div>\n\t\t\t\t\t<\/div>\n\t\t\t\t<\/div>\n\t\t<div class=\"elementor-element elementor-element-ceaaea5 e-con-full e-flex e-con e-child\" data-id=\"ceaaea5\" data-element_type=\"container\" data-e-type=\"container\">\n\t\t\t\t<div class=\"elementor-element elementor-element-fbec97d elementor-widget elementor-widget-shortcode\" data-id=\"fbec97d\" data-element_type=\"widget\" data-e-type=\"widget\" data-widget_type=\"shortcode.default\">\n\t\t\t\t<div class=\"elementor-widget-container\">\n\t\t\t\t\t\t\t<div class=\"elementor-shortcode\">[pmpro_checkout]<\/div>\n\t\t\t\t\t\t<\/div>\n\t\t\t\t<\/div>\n\t\t\t\t<\/div>\n\t\t\t\t\t<\/div>\n\t\t\t\t<\/div>\n\t\t\t\t<div class=\"elementor-element elementor-element-3172458 elementor-widget elementor-widget-html\" data-id=\"3172458\" data-element_type=\"widget\" data-e-type=\"widget\" data-widget_type=\"html.default\">\n\t\t\t\t<div class=\"elementor-widget-container\">\n\t\t\t\t\t<style>\n\n#pmpro_btn-submit{\n    color: #ff4d00 ;\n}\n\n#pmpro_btn-submit:hover{\n    background-color: #ff4d00 ;\n    color: black;\n}\n\na{\n    color: #ff4d00;\n}\n\npmpro_checkout-h2-name{\n    display: none;\n}\n\nh2 span{\n    display: none;\n}\n\nhr{\n    display: none;\n}\n    \n    #pmpro_pricing_fields {\n    display: none;\n    \n    \n}\n\n    #pmpro_checkout_box-more-information h2 {\n        display: none;\n    }\n    \n    div#termo_e_politica_div{\n    display: none;\n}\n\n<\/style>\n\n<script>\n\n\/\/ var $jq = jQuery.noConflict()\n\n\/\/ $jq('input[type=\"submit\"]').click(function(e) {\n\/\/     e.preventDefault();\n\/\/     window.location.href = \"https:\/\/saleschannels.com.br\/index.php\/cadastro-rapido\/\";\n\/\/ });\n\n\n\n\n\n<\/script>\n\n\t\t\t\t<\/div>\n\t\t\t\t<\/div>\n\t\t\t\t<div class=\"elementor-element elementor-element-f7506a9 elementor-widget elementor-widget-html\" data-id=\"f7506a9\" data-element_type=\"widget\" data-e-type=\"widget\" data-widget_type=\"html.default\">\n\t\t\t\t<div class=\"elementor-widget-container\">\n\t\t\t\t\t<script src=\"https:\/\/code.jquery.com\/jquery-3.4.1.min.js\"\r\n        integrity=\"sha256-CSXorXvZcTkaix6Yvo6HppcZGetbYMGWSFlBw8HfCJo=\"\r\n        crossorigin=\"anonymous\"><\/script>\r\n\r\n<!-- Adicionando Javascript -->\r\n<script type=\"text\/javascript\" >\r\n\r\n    var $jq = jQuery.noConflict()\r\n\r\n    $jq(document).ready(function() {\r\n\r\n        function limpa_formul\u00e1rio_cep() {\r\n            \/\/ Limpa valores do formul\u00e1rio de cep.\r\n            $jq(\"#Rua\").val(\"\");\r\n            $jq(\"#Bairro\").val(\"\");\r\n            $jq(\"#Municipio_\").val(\"\");\r\n            $jq(\"#UF\").val(\"\");\r\n        }\r\n        \r\n        \/\/Quando o campo cep perde o foco.\r\n        $jq(\"#cep\").blur(function() {\r\n\r\n            \/\/Nova vari\u00e1vel \"cep\" somente com d\u00edgitos.\r\n            var cep = $jq(this).val().replace(\/\\D\/g, '');\r\n\r\n            \/\/Verifica se campo cep possui valor informado.\r\n            if (cep != \"\") {\r\n\r\n                \/\/Express\u00e3o regular para validar o CEP.\r\n                var validacep = \/^[0-9]{8}$\/;\r\n\r\n                \/\/Valida o formato do CEP.\r\n                if(validacep.test(cep)) {\r\n\r\n                    \/\/Preenche os campos com \"...\" enquanto consulta webservice.\r\n                    $jq(\"#Rua\").val(\"...\");\r\n                    $jq(\"#Bairro\").val(\"...\");\r\n                    $jq(\"#Municipio_\").val(\"...\");\r\n                    $jq(\"#UF\").val(\"...\");\r\n\r\n                    \/\/Consulta o webservice viacep.com.br\/\r\n                    $jq.getJSON(\"https:\/\/viacep.com.br\/ws\/\"+ cep +\"\/json\/?callback=?\", function(dados) {\r\n\r\n                        if (!(\"erro\" in dados)) {\r\n                            \/\/Atualiza os campos com os valores da consulta.\r\n                            $jq(\"#Rua\").val(dados.logradouro);\r\n                            $jq(\"#Bairro\").val(dados.bairro);\r\n                            $jq(\"#Municipio_\").val(dados.localidade);\r\n                            $jq(\"#UF\").val(dados.uf);\r\n                        } \/\/end if.\r\n                        else {\r\n                            \/\/CEP pesquisado n\u00e3o foi encontrado.\r\n                            limpa_formul\u00e1rio_cep();\r\n                            alert(\"CEP n\u00e3o encontrado.\");\r\n                        }\r\n                    });\r\n                } \/\/end if.\r\n                else {\r\n                    \/\/cep \u00e9 inv\u00e1lido.\r\n                    limpa_formul\u00e1rio_cep();\r\n                    alert(\"Formato de CEP inv\u00e1lido.\");\r\n                }\r\n            } \/\/end if.\r\n            else {\r\n                \/\/cep sem valor, limpa formul\u00e1rio.\r\n                limpa_formul\u00e1rio_cep();\r\n            }\r\n        });\r\n    });\r\n\r\n<\/script>\t\t\t\t<\/div>\n\t\t\t\t<\/div>\n\t\t\t\t<div class=\"elementor-element elementor-element-27b98e2 elementor-widget elementor-widget-html\" data-id=\"27b98e2\" data-element_type=\"widget\" data-e-type=\"widget\" data-widget_type=\"html.default\">\n\t\t\t\t<div class=\"elementor-widget-container\">\n\t\t\t\t\t<script>\r\njQuery(document).ready(function($) {\r\n    $(\"#CPF\").keydown(function(){\r\n    try {\r\n        $(\"#CPF\").unmask();\r\n    } catch (e) {}\r\n\r\n    var tamanho = $(\"#CPF\").val().length;\r\n    \r\n    if(tamanho < 11){\r\n        $(\"#CPF\").mask(\"999.999.999-99\");\r\n    } else {\r\n        $(\"#CPF\").mask(\"99.999.999\/9999-99\");\r\n    }\r\n     \r\n    \r\n    \r\n    var elem = this;\r\n    setTimeout(function(){\r\n        \/\/ mudo a posi\u00e7\u00e3o do seletor\r\n        elem.selectionStart = elem.selectionEnd = 10000;\r\n    }, 0);\r\n    \r\n    var currentValue = $(this).val();\r\n    $(this).val('');\r\n    $(this).val(currentValue);\r\n});\r\n});\r\n\r\n jQuery(document).ready(function($) {\r\n        $('#Telefone').mask('(00)00000-0000');\r\n    });\r\n    \r\n    jQuery(document).ready(function($) {\r\n        $('#cep').mask('00000-000');\r\n    });\r\n\r\n\r\n\r\n\r\n<\/script>\t\t\t\t<\/div>\n\t\t\t\t<\/div>\n\t\t\t\t\t<\/div>\n\t\t\t\t<\/div>\n\t\t<div class=\"elementor-element elementor-element-3613707f e-flex e-con-boxed e-con e-parent\" data-id=\"3613707f\" data-element_type=\"container\" data-e-type=\"container\" data-settings=\"{&quot;background_background&quot;:&quot;classic&quot;}\">\n\t\t\t\t\t<div class=\"e-con-inner\">\n\t\t<div class=\"elementor-element elementor-element-63383fba e-con-full e-flex e-con e-child\" data-id=\"63383fba\" data-element_type=\"container\" data-e-type=\"container\">\n\t\t\t\t<div class=\"elementor-element elementor-element-1efaa10 elementor-widget__width-inherit elementor-widget elementor-widget-image\" data-id=\"1efaa10\" data-element_type=\"widget\" data-e-type=\"widget\" data-widget_type=\"image.default\">\n\t\t\t\t<div class=\"elementor-widget-container\">\n\t\t\t\t\t\t\t\t\t\t\t\t\t\t\t\t<a href=\"https:\/\/partner.grupodirectweb.com.br\">\n\t\t\t\t\t\t\t<img decoding=\"async\" width=\"4884\" height=\"1017\" src=\"https:\/\/partner.grupodirectweb.com.br\/wp-content\/uploads\/2023\/11\/sc_afiliados.png\" class=\"attachment-full size-full wp-image-26\" alt=\"\" srcset=\"https:\/\/partner.grupodirectweb.com.br\/wp-content\/uploads\/2023\/11\/sc_afiliados.png 4884w, https:\/\/partner.grupodirectweb.com.br\/wp-content\/uploads\/2023\/11\/sc_afiliados-300x62.png 300w, https:\/\/partner.grupodirectweb.com.br\/wp-content\/uploads\/2023\/11\/sc_afiliados-1024x213.png 1024w, https:\/\/partner.grupodirectweb.com.br\/wp-content\/uploads\/2023\/11\/sc_afiliados-768x160.png 768w, https:\/\/partner.grupodirectweb.com.br\/wp-content\/uploads\/2023\/11\/sc_afiliados-1536x320.png 1536w, https:\/\/partner.grupodirectweb.com.br\/wp-content\/uploads\/2023\/11\/sc_afiliados-2048x426.png 2048w\" sizes=\"(max-width: 4884px) 100vw, 4884px\" \/>\t\t\t\t\t\t\t\t<\/a>\n\t\t\t\t\t\t\t\t\t\t\t\t\t\t\t<\/div>\n\t\t\t\t<\/div>\n\t\t<div class=\"elementor-element elementor-element-73f82a6e e-con-full e-flex e-con e-child\" data-id=\"73f82a6e\" data-element_type=\"container\" data-e-type=\"container\">\n\t\t<div class=\"elementor-element elementor-element-41f67766 e-flex e-con-boxed e-con e-child\" data-id=\"41f67766\" data-element_type=\"container\" data-e-type=\"container\">\n\t\t\t\t\t<div class=\"e-con-inner\">\n\t\t\t\t<div class=\"elementor-element elementor-element-7e66692e elementor-widget elementor-widget-heading\" data-id=\"7e66692e\" data-element_type=\"widget\" data-e-type=\"widget\" data-widget_type=\"heading.default\">\n\t\t\t\t<div class=\"elementor-widget-container\">\n\t\t\t\t\t<h4 class=\"elementor-heading-title elementor-size-default\">SALES.CHANNELS<\/h4>\t\t\t\t<\/div>\n\t\t\t\t<\/div>\n\t\t\t\t\t<\/div>\n\t\t\t\t<\/div>\n\t\t<div class=\"elementor-element elementor-element-7e647a28 e-con-full e-flex e-con e-child\" data-id=\"7e647a28\" data-element_type=\"container\" data-e-type=\"container\">\n\t\t\t\t<div class=\"elementor-element elementor-element-2f4e61ed elementor-widget elementor-widget-text-editor\" data-id=\"2f4e61ed\" data-element_type=\"widget\" data-e-type=\"widget\" data-widget_type=\"text-editor.default\">\n\t\t\t\t<div class=\"elementor-widget-container\">\n\t\t\t\t\t\t\t\t\t<p style= \"color: #FF4D00\n\">DIRECTPROVIDER PROVEDOR DE TECNOLOGIAS DA INFORMA\u00c7\u00c3O E COMUNICA\u00c7\u00c3O LTDA <\/p>\n\nCom sede pr\u00f3pria \u00e0 Rua Samuel Morse, n\u00ba 74, 4\u00ba Andar, Cjtos. 43\/44, CEP 04576-\n060, Bairro do Brooklin, Munic\u00edpio de S\u00e3o Paulo, Estado de S\u00e3o Paulo, portadora CNPJ\/MF\n09.344.291\/0001-00.\t\t\t\t\t\t\t\t<\/div>\n\t\t\t\t<\/div>\n\t\t\t\t<\/div>\n\t\t\t\t<\/div>\n\t\t\t\t<\/div>\n\t\t\t\t\t<\/div>\n\t\t\t\t<\/div>\n\t\t\t\t<\/div>\n\t\t","protected":false},"excerpt":{"rendered":"<p>Suporte Servi\u00e7os Cadastro de Partner Efetiva\u00e7\u00e3o de ades\u00e3o\u200b Coloque seus dados no formul\u00e1rio ao lado, para que possamos dar continuidade a sua efetiva\u00e7\u00e3o.\u00a0 \u00a0 [pmpro_checkout] SALES.CHANNELS DIRECTPROVIDER PROVEDOR DE TECNOLOGIAS DA INFORMA\u00c7\u00c3O E COMUNICA\u00c7\u00c3O LTDA Com sede pr\u00f3pria \u00e0 Rua Samuel Morse, n\u00ba 74, 4\u00ba Andar, Cjtos. 43\/44, CEP 04576- 060, Bairro do Brooklin, Munic\u00edpio [&hellip;]<\/p>\n","protected":false},"author":3,"featured_media":0,"parent":0,"menu_order":0,"comment_status":"closed","ping_status":"closed","template":"elementor_canvas","meta":{"_acf_changed":false,"pmpro_default_level":"","footnotes":""},"class_list":["post-1212","page","type-page","status-publish","hentry","pmpro-has-access"],"acf":[],"_links":{"self":[{"href":"https:\/\/partner.grupodirectweb.com.br\/index.php\/wp-json\/wp\/v2\/pages\/1212","targetHints":{"allow":["GET"]}}],"collection":[{"href":"https:\/\/partner.grupodirectweb.com.br\/index.php\/wp-json\/wp\/v2\/pages"}],"about":[{"href":"https:\/\/partner.grupodirectweb.com.br\/index.php\/wp-json\/wp\/v2\/types\/page"}],"author":[{"embeddable":true,"href":"https:\/\/partner.grupodirectweb.com.br\/index.php\/wp-json\/wp\/v2\/users\/3"}],"replies":[{"embeddable":true,"href":"https:\/\/partner.grupodirectweb.com.br\/index.php\/wp-json\/wp\/v2\/comments?post=1212"}],"version-history":[{"count":1123,"href":"https:\/\/partner.grupodirectweb.com.br\/index.php\/wp-json\/wp\/v2\/pages\/1212\/revisions"}],"predecessor-version":[{"id":6005,"href":"https:\/\/partner.grupodirectweb.com.br\/index.php\/wp-json\/wp\/v2\/pages\/1212\/revisions\/6005"}],"wp:attachment":[{"href":"https:\/\/partner.grupodirectweb.com.br\/index.php\/wp-json\/wp\/v2\/media?parent=1212"}],"curies":[{"name":"wp","href":"https:\/\/api.w.org\/{rel}","templated":true}]}}