{"id":2216,"date":"2023-12-13T16:00:07","date_gmt":"2023-12-13T13:00:07","guid":{"rendered":"https:\/\/devel2.wp.eduead.com.br\/?page_id=2216"},"modified":"2024-01-15T15:26:20","modified_gmt":"2024-01-15T12:26:20","slug":"produtos","status":"publish","type":"page","link":"https:\/\/partner.grupodirectweb.com.br\/index.php\/produtos\/","title":{"rendered":"Produtos"},"content":{"rendered":"\t\t<div data-elementor-type=\"wp-page\" data-elementor-id=\"2216\" class=\"elementor elementor-2216\" data-elementor-post-type=\"page\">\n\t\t\t\t<div class=\"elementor-element elementor-element-29ea7a6 e-con-full e-flex e-con e-parent\" data-id=\"29ea7a6\" data-element_type=\"container\" data-e-type=\"container\" data-settings=\"{&quot;background_background&quot;:&quot;classic&quot;}\">\n\t\t<div class=\"elementor-element elementor-element-43c3d767 e-con-full e-flex e-con e-child\" data-id=\"43c3d767\" data-element_type=\"container\" data-e-type=\"container\">\n\t\t\t\t<div class=\"elementor-element elementor-element-55222d5b elementor-widget__width-initial elementor-widget elementor-widget-image\" data-id=\"55222d5b\" data-element_type=\"widget\" data-e-type=\"widget\" data-widget_type=\"image.default\">\n\t\t\t\t<div class=\"elementor-widget-container\">\n\t\t\t\t\t\t\t\t\t\t\t\t\t\t\t\t<a href=\"https:\/\/saleschannels.com.br\/\">\n\t\t\t\t\t\t\t<img fetchpriority=\"high\" decoding=\"async\" width=\"768\" height=\"160\" src=\"https:\/\/partner.grupodirectweb.com.br\/wp-content\/uploads\/2023\/11\/sc_afiliados-768x160.png\" class=\"attachment-medium_large size-medium_large wp-image-26\" alt=\"\" srcset=\"https:\/\/partner.grupodirectweb.com.br\/wp-content\/uploads\/2023\/11\/sc_afiliados-768x160.png 768w, https:\/\/partner.grupodirectweb.com.br\/wp-content\/uploads\/2023\/11\/sc_afiliados-300x62.png 300w, https:\/\/partner.grupodirectweb.com.br\/wp-content\/uploads\/2023\/11\/sc_afiliados-1024x213.png 1024w, https:\/\/partner.grupodirectweb.com.br\/wp-content\/uploads\/2023\/11\/sc_afiliados-1536x320.png 1536w, https:\/\/partner.grupodirectweb.com.br\/wp-content\/uploads\/2023\/11\/sc_afiliados-2048x426.png 2048w\" sizes=\"(max-width: 768px) 100vw, 768px\" \/>\t\t\t\t\t\t\t\t<\/a>\n\t\t\t\t\t\t\t\t\t\t\t\t\t\t\t<\/div>\n\t\t\t\t<\/div>\n\t\t\t\t<\/div>\n\t\t<div class=\"elementor-element elementor-element-378e6187 e-con-full e-flex e-con e-child\" data-id=\"378e6187\" data-element_type=\"container\" data-e-type=\"container\">\n\t\t<div class=\"elementor-element elementor-element-5b71769c e-flex e-con-boxed e-con e-child\" data-id=\"5b71769c\" data-element_type=\"container\" data-e-type=\"container\">\n\t\t\t\t\t<div class=\"e-con-inner\">\n\t\t<div class=\"elementor-element elementor-element-3c2e1b84 e-con-full e-flex e-con e-child\" data-id=\"3c2e1b84\" data-element_type=\"container\" data-e-type=\"container\">\n\t\t\t\t<div class=\"elementor-element elementor-element-328579 elementor-align-left elementor-widget elementor-widget-button\" data-id=\"328579\" data-element_type=\"widget\" data-e-type=\"widget\" data-widget_type=\"button.default\">\n\t\t\t\t<div class=\"elementor-widget-container\">\n\t\t\t\t\t\t\t\t\t<div class=\"elementor-button-wrapper\">\n\t\t\t\t\t<a class=\"elementor-button elementor-button-link elementor-size-sm\" href=\"https:\/\/saleschannels.com.br\/index.php\/indicacoes\/\">\n\t\t\t\t\t\t<span class=\"elementor-button-content-wrapper\">\n\t\t\t\t\t\t\t\t\t<span class=\"elementor-button-text\">Indica\u00e7\u00f5es<\/span>\n\t\t\t\t\t<\/span>\n\t\t\t\t\t<\/a>\n\t\t\t\t<\/div>\n\t\t\t\t\t\t\t\t<\/div>\n\t\t\t\t<\/div>\n\t\t\t\t<\/div>\n\t\t<div class=\"elementor-element elementor-element-2b447d5b e-con-full e-flex e-con e-child\" data-id=\"2b447d5b\" data-element_type=\"container\" data-e-type=\"container\">\n\t\t\t\t<div class=\"elementor-element elementor-element-69ba97b8 elementor-align-left elementor-widget elementor-widget-button\" data-id=\"69ba97b8\" data-element_type=\"widget\" data-e-type=\"widget\" data-widget_type=\"button.default\">\n\t\t\t\t<div class=\"elementor-widget-container\">\n\t\t\t\t\t\t\t\t\t<div class=\"elementor-button-wrapper\">\n\t\t\t\t\t<a class=\"elementor-button elementor-button-link elementor-size-sm\" href=\"https:\/\/saleschannels.com.br\/index.php\/produtos\/\">\n\t\t\t\t\t\t<span class=\"elementor-button-content-wrapper\">\n\t\t\t\t\t\t\t\t\t<span class=\"elementor-button-text\">Produtos<\/span>\n\t\t\t\t\t<\/span>\n\t\t\t\t\t<\/a>\n\t\t\t\t<\/div>\n\t\t\t\t\t\t\t\t<\/div>\n\t\t\t\t<\/div>\n\t\t\t\t<\/div>\n\t\t<div class=\"elementor-element elementor-element-5e69140 e-con-full e-flex e-con e-child\" data-id=\"5e69140\" data-element_type=\"container\" data-e-type=\"container\">\n\t\t\t\t<div class=\"elementor-element elementor-element-6b4115c2 elementor-align-left elementor-widget elementor-widget-button\" data-id=\"6b4115c2\" data-element_type=\"widget\" data-e-type=\"widget\" data-widget_type=\"button.default\">\n\t\t\t\t<div class=\"elementor-widget-container\">\n\t\t\t\t\t\t\t\t\t<div class=\"elementor-button-wrapper\">\n\t\t\t\t\t<a class=\"elementor-button elementor-button-link elementor-size-sm\" href=\"https:\/\/saleschannels.com.br\/index.php\/suporte\/\">\n\t\t\t\t\t\t<span class=\"elementor-button-content-wrapper\">\n\t\t\t\t\t\t\t\t\t<span class=\"elementor-button-text\">Suporte<\/span>\n\t\t\t\t\t<\/span>\n\t\t\t\t\t<\/a>\n\t\t\t\t<\/div>\n\t\t\t\t\t\t\t\t<\/div>\n\t\t\t\t<\/div>\n\t\t\t\t<\/div>\n\t\t<div class=\"elementor-element elementor-element-4056bfff e-con-full e-flex e-con e-child\" data-id=\"4056bfff\" data-element_type=\"container\" data-e-type=\"container\">\n\t\t\t\t<div class=\"elementor-element elementor-element-37ecc0d3 elementor-align-left elementor-widget elementor-widget-button\" data-id=\"37ecc0d3\" data-element_type=\"widget\" data-e-type=\"widget\" data-widget_type=\"button.default\">\n\t\t\t\t<div class=\"elementor-widget-container\">\n\t\t\t\t\t\t\t\t\t<div class=\"elementor-button-wrapper\">\n\t\t\t\t\t<a class=\"elementor-button elementor-button-link elementor-size-sm\" href=\"https:\/\/saleschannels.com.br\/index.php\/servicos\/\">\n\t\t\t\t\t\t<span class=\"elementor-button-content-wrapper\">\n\t\t\t\t\t\t\t\t\t<span class=\"elementor-button-text\">Servi\u00e7os<\/span>\n\t\t\t\t\t<\/span>\n\t\t\t\t\t<\/a>\n\t\t\t\t<\/div>\n\t\t\t\t\t\t\t\t<\/div>\n\t\t\t\t<\/div>\n\t\t\t\t<\/div>\n\t\t\t\t\t<\/div>\n\t\t\t\t<\/div>\n\t\t\t\t<\/div>\n\t\t\t\t<\/div>\n\t\t<div class=\"elementor-element elementor-element-3b0bef46 e-flex e-con-boxed e-con e-parent\" data-id=\"3b0bef46\" data-element_type=\"container\" data-e-type=\"container\" data-settings=\"{&quot;background_background&quot;:&quot;gradient&quot;}\">\n\t\t\t\t\t<div class=\"e-con-inner\">\n\t\t<div class=\"elementor-element elementor-element-715b7877 e-con-full e-flex e-con e-child\" data-id=\"715b7877\" data-element_type=\"container\" data-e-type=\"container\">\n\t\t\t\t<div class=\"elementor-element elementor-element-6eccbfcd elementor-widget elementor-widget-heading\" data-id=\"6eccbfcd\" data-element_type=\"widget\" data-e-type=\"widget\" data-widget_type=\"heading.default\">\n\t\t\t\t<div class=\"elementor-widget-container\">\n\t\t\t\t\t<h2 class=\"elementor-heading-title elementor-size-default\">Indique os Produtos!<\/h2>\t\t\t\t<\/div>\n\t\t\t\t<\/div>\n\t\t\t\t<div class=\"elementor-element elementor-element-4e0339a8 elementor-widget-divider--view-line elementor-widget elementor-widget-divider\" data-id=\"4e0339a8\" data-element_type=\"widget\" data-e-type=\"widget\" data-widget_type=\"divider.default\">\n\t\t\t\t<div class=\"elementor-widget-container\">\n\t\t\t\t\t\t\t<div class=\"elementor-divider\">\n\t\t\t<span class=\"elementor-divider-separator\">\n\t\t\t\t\t\t<\/span>\n\t\t<\/div>\n\t\t\t\t\t\t<\/div>\n\t\t\t\t<\/div>\n\t\t\t\t<\/div>\n\t\t<div class=\"elementor-element elementor-element-afb2e23 e-con-full e-flex e-con e-child\" data-id=\"afb2e23\" data-element_type=\"container\" data-e-type=\"container\">\n\t\t<div class=\"elementor-element elementor-element-199ab10 e-flex e-con-boxed e-con e-child\" data-id=\"199ab10\" data-element_type=\"container\" data-e-type=\"container\">\n\t\t\t\t\t<div class=\"e-con-inner\">\n\t\t\t\t<div class=\"elementor-element elementor-element-953ec9a elementor-widget elementor-widget-heading\" data-id=\"953ec9a\" data-element_type=\"widget\" data-e-type=\"widget\" data-widget_type=\"heading.default\">\n\t\t\t\t<div class=\"elementor-widget-container\">\n\t\t\t\t\t<h2 class=\"elementor-heading-title elementor-size-default\"><span style=\"color: black\">Produtos <\/span>SALES.CHANNELS:<\/h2>\t\t\t\t<\/div>\n\t\t\t\t<\/div>\n\t\t\t\t<div class=\"elementor-element elementor-element-cd6f7eb elementor-widget elementor-widget-text-editor\" data-id=\"cd6f7eb\" data-element_type=\"widget\" data-e-type=\"widget\" data-widget_type=\"text-editor.default\">\n\t\t\t\t<div class=\"elementor-widget-container\">\n\t\t\t\t\t\t\t\t\t<p>Lorem ipsum dolor sit amet, consectetur adipiscing elit. Ut elit tellus, luctus nec ullamcorper mattis, pulvinar dapibus leo.<\/p>\t\t\t\t\t\t\t\t<\/div>\n\t\t\t\t<\/div>\n\t\t\t\t\t<\/div>\n\t\t\t\t<\/div>\n\t\t<div class=\"elementor-element elementor-element-54e7294 e-flex e-con-boxed e-con e-child\" data-id=\"54e7294\" data-element_type=\"container\" data-e-type=\"container\">\n\t\t\t\t\t<div class=\"e-con-inner\">\n\t\t\t\t<div class=\"elementor-element elementor-element-7aea516 elementor-widget elementor-widget-heading\" data-id=\"7aea516\" data-element_type=\"widget\" data-e-type=\"widget\" data-widget_type=\"heading.default\">\n\t\t\t\t<div class=\"elementor-widget-container\">\n\t\t\t\t\t<h2 class=\"elementor-heading-title elementor-size-default\"><span style=\"color: black\">Produtos <\/span>DirectProvider:<\/h2>\t\t\t\t<\/div>\n\t\t\t\t<\/div>\n\t\t\t\t<div class=\"elementor-element elementor-element-4412897 elementor-widget elementor-widget-text-editor\" data-id=\"4412897\" data-element_type=\"widget\" data-e-type=\"widget\" data-widget_type=\"text-editor.default\">\n\t\t\t\t<div class=\"elementor-widget-container\">\n\t\t\t\t\t\t\t\t\tEntre no site <a style=\"color: #ff4d00;\" href=\"https:\/\/www.directprovider.com.br\"https:\/\/www.directprovider.com.br<\/a> para saber mais sobre ps produtos!\t\t\t\t\t\t\t\t<\/div>\n\t\t\t\t<\/div>\n\t\t\t\t\t<\/div>\n\t\t\t\t<\/div>\n\t\t<div class=\"elementor-element elementor-element-41201e6 e-flex e-con-boxed e-con e-child\" data-id=\"41201e6\" data-element_type=\"container\" data-e-type=\"container\">\n\t\t\t\t\t<div class=\"e-con-inner\">\n\t\t\t\t<div class=\"elementor-element elementor-element-f72f91c elementor-widget elementor-widget-heading\" data-id=\"f72f91c\" data-element_type=\"widget\" data-e-type=\"widget\" data-widget_type=\"heading.default\">\n\t\t\t\t<div class=\"elementor-widget-container\">\n\t\t\t\t\t<h2 class=\"elementor-heading-title elementor-size-default\"><span style=\"color: black\">Produtos <\/span>DirectWeb:<\/h2>\t\t\t\t<\/div>\n\t\t\t\t<\/div>\n\t\t\t\t<div class=\"elementor-element elementor-element-c91af8f elementor-widget elementor-widget-text-editor\" data-id=\"c91af8f\" data-element_type=\"widget\" data-e-type=\"widget\" data-widget_type=\"text-editor.default\">\n\t\t\t\t<div class=\"elementor-widget-container\">\n\t\t\t\t\t\t\t\t\tEntre no site <a style=\"color: #FF4D00\" href=\"https:\/\/www.grupodirectweb.com.br\/servicos\">https:\/\/www.grupodirectweb.com.br\/servicos<\/a> para saber mais sobre ps produtos!\t\t\t\t\t\t\t\t<\/div>\n\t\t\t\t<\/div>\n\t\t\t\t\t<\/div>\n\t\t\t\t<\/div>\n\t\t<div class=\"elementor-element elementor-element-5bab28c e-flex e-con-boxed e-con e-child\" data-id=\"5bab28c\" data-element_type=\"container\" data-e-type=\"container\">\n\t\t\t\t\t<div class=\"e-con-inner\">\n\t\t\t\t<div class=\"elementor-element elementor-element-8c4b755 elementor-widget elementor-widget-heading\" data-id=\"8c4b755\" data-element_type=\"widget\" data-e-type=\"widget\" data-widget_type=\"heading.default\">\n\t\t\t\t<div class=\"elementor-widget-container\">\n\t\t\t\t\t<h2 class=\"elementor-heading-title elementor-size-default\"><span style=\"color: black\">Produtos <\/span>Eduead:<\/h2>\t\t\t\t<\/div>\n\t\t\t\t<\/div>\n\t\t\t\t<div class=\"elementor-element elementor-element-541fd2a elementor-widget elementor-widget-text-editor\" data-id=\"541fd2a\" data-element_type=\"widget\" data-e-type=\"widget\" data-widget_type=\"text-editor.default\">\n\t\t\t\t<div class=\"elementor-widget-container\">\n\t\t\t\t\t\t\t\t\tEntre no site <a style=\"color: #ff4d00;\" href=\"https:\/\/www.eduead.com.br\">https:\/\/www.eduead.com.br<\/a> para saber mais sobre ps produtos!\t\t\t\t\t\t\t\t<\/div>\n\t\t\t\t<\/div>\n\t\t\t\t\t<\/div>\n\t\t\t\t<\/div>\n\t\t<div class=\"elementor-element elementor-element-3178081 e-flex e-con-boxed e-con e-child\" data-id=\"3178081\" data-element_type=\"container\" data-e-type=\"container\">\n\t\t\t\t\t<div class=\"e-con-inner\">\n\t\t\t\t<div class=\"elementor-element elementor-element-3173869 elementor-widget elementor-widget-heading\" data-id=\"3173869\" data-element_type=\"widget\" data-e-type=\"widget\" data-widget_type=\"heading.default\">\n\t\t\t\t<div class=\"elementor-widget-container\">\n\t\t\t\t\t<h2 class=\"elementor-heading-title elementor-size-default\"><span style=\"color: black\">Produtos <\/span>CloudSaude:<\/h2>\t\t\t\t<\/div>\n\t\t\t\t<\/div>\n\t\t\t\t<div class=\"elementor-element elementor-element-475e8e5 elementor-widget elementor-widget-text-editor\" data-id=\"475e8e5\" data-element_type=\"widget\" data-e-type=\"widget\" data-widget_type=\"text-editor.default\">\n\t\t\t\t<div class=\"elementor-widget-container\">\n\t\t\t\t\t\t\t\t\tEntre no site <a style=\"color: #ff4d00;\"href=\"https:\/\/www.cloudsaude.com.br\/servicos\">https:\/\/www.cloudsaude.com.br\/servicos <\/a>para saber mais sobre ps produtos!\t\t\t\t\t\t\t\t<\/div>\n\t\t\t\t<\/div>\n\t\t\t\t\t<\/div>\n\t\t\t\t<\/div>\n\t\t\t\t<\/div>\n\t\t\t\t\t<\/div>\n\t\t\t\t<\/div>\n\t\t<div class=\"elementor-element elementor-element-773fbbb2 e-flex e-con-boxed e-con e-parent\" data-id=\"773fbbb2\" data-element_type=\"container\" data-e-type=\"container\" data-settings=\"{&quot;background_background&quot;:&quot;classic&quot;}\">\n\t\t\t\t\t<div class=\"e-con-inner\">\n\t\t<div class=\"elementor-element elementor-element-463d5f66 e-con-full e-flex e-con e-child\" data-id=\"463d5f66\" data-element_type=\"container\" data-e-type=\"container\">\n\t\t\t\t<div class=\"elementor-element elementor-element-187db914 elementor-widget__width-inherit elementor-widget elementor-widget-image\" data-id=\"187db914\" data-element_type=\"widget\" data-e-type=\"widget\" data-widget_type=\"image.default\">\n\t\t\t\t<div class=\"elementor-widget-container\">\n\t\t\t\t\t\t\t\t\t\t\t\t\t\t\t\t<a href=\"https:\/\/partner.grupodirectweb.com.br\">\n\t\t\t\t\t\t\t<img decoding=\"async\" width=\"4884\" height=\"1017\" src=\"https:\/\/partner.grupodirectweb.com.br\/wp-content\/uploads\/2023\/11\/sc_afiliados.png\" class=\"attachment-full size-full wp-image-26\" alt=\"\" srcset=\"https:\/\/partner.grupodirectweb.com.br\/wp-content\/uploads\/2023\/11\/sc_afiliados.png 4884w, https:\/\/partner.grupodirectweb.com.br\/wp-content\/uploads\/2023\/11\/sc_afiliados-300x62.png 300w, https:\/\/partner.grupodirectweb.com.br\/wp-content\/uploads\/2023\/11\/sc_afiliados-1024x213.png 1024w, https:\/\/partner.grupodirectweb.com.br\/wp-content\/uploads\/2023\/11\/sc_afiliados-768x160.png 768w, https:\/\/partner.grupodirectweb.com.br\/wp-content\/uploads\/2023\/11\/sc_afiliados-1536x320.png 1536w, https:\/\/partner.grupodirectweb.com.br\/wp-content\/uploads\/2023\/11\/sc_afiliados-2048x426.png 2048w\" sizes=\"(max-width: 4884px) 100vw, 4884px\" \/>\t\t\t\t\t\t\t\t<\/a>\n\t\t\t\t\t\t\t\t\t\t\t\t\t\t\t<\/div>\n\t\t\t\t<\/div>\n\t\t<div class=\"elementor-element elementor-element-1e047c58 e-con-full e-flex e-con e-child\" data-id=\"1e047c58\" data-element_type=\"container\" data-e-type=\"container\">\n\t\t<div class=\"elementor-element elementor-element-b125db5 e-flex e-con-boxed e-con e-child\" data-id=\"b125db5\" data-element_type=\"container\" data-e-type=\"container\">\n\t\t\t\t\t<div class=\"e-con-inner\">\n\t\t\t\t<div class=\"elementor-element elementor-element-766fea42 elementor-widget elementor-widget-heading\" data-id=\"766fea42\" data-element_type=\"widget\" data-e-type=\"widget\" data-widget_type=\"heading.default\">\n\t\t\t\t<div class=\"elementor-widget-container\">\n\t\t\t\t\t<h4 class=\"elementor-heading-title elementor-size-default\">SALES.CHANNELS<\/h4>\t\t\t\t<\/div>\n\t\t\t\t<\/div>\n\t\t\t\t\t<\/div>\n\t\t\t\t<\/div>\n\t\t<div class=\"elementor-element elementor-element-3ac99387 e-con-full e-flex e-con e-child\" data-id=\"3ac99387\" data-element_type=\"container\" data-e-type=\"container\">\n\t\t\t\t<div class=\"elementor-element elementor-element-5666db5c elementor-widget elementor-widget-text-editor\" data-id=\"5666db5c\" data-element_type=\"widget\" data-e-type=\"widget\" data-widget_type=\"text-editor.default\">\n\t\t\t\t<div class=\"elementor-widget-container\">\n\t\t\t\t\t\t\t\t\t<p style= \"color: #FF4D00\n\">DIRECTPROVIDER PROVEDOR DE TECNOLOGIAS DA INFORMA\u00c7\u00c3O E COMUNICA\u00c7\u00c3O LTDA <\/p>\n\nCom sede pr\u00f3pria \u00e0 Rua Samuel Morse, n\u00ba 74, 4\u00ba Andar, Cjtos. 43\/44, CEP 04576-\n060, Bairro do Brooklin, Munic\u00edpio de S\u00e3o Paulo, Estado de S\u00e3o Paulo, portadora CNPJ\/MF\n09.344.291\/0001-00.\t\t\t\t\t\t\t\t<\/div>\n\t\t\t\t<\/div>\n\t\t\t\t<\/div>\n\t\t\t\t<\/div>\n\t\t\t\t<\/div>\n\t\t\t\t\t<\/div>\n\t\t\t\t<\/div>\n\t\t\t\t<\/div>\n\t\t","protected":false},"excerpt":{"rendered":"<p>Indica\u00e7\u00f5es Produtos Suporte Servi\u00e7os Indique os Produtos! Produtos SALES.CHANNELS: Lorem ipsum dolor sit amet, consectetur adipiscing elit. Ut elit tellus, luctus nec ullamcorper mattis, pulvinar dapibus leo. Produtos DirectProvider: Entre no site<\/p>\n","protected":false},"author":3,"featured_media":0,"parent":0,"menu_order":0,"comment_status":"closed","ping_status":"closed","template":"elementor_canvas","meta":{"_acf_changed":false,"pmpro_default_level":"","footnotes":""},"class_list":["post-2216","page","type-page","status-publish","hentry","pmpro-has-access"],"acf":[],"_links":{"self":[{"href":"https:\/\/partner.grupodirectweb.com.br\/index.php\/wp-json\/wp\/v2\/pages\/2216","targetHints":{"allow":["GET"]}}],"collection":[{"href":"https:\/\/partner.grupodirectweb.com.br\/index.php\/wp-json\/wp\/v2\/pages"}],"about":[{"href":"https:\/\/partner.grupodirectweb.com.br\/index.php\/wp-json\/wp\/v2\/types\/page"}],"author":[{"embeddable":true,"href":"https:\/\/partner.grupodirectweb.com.br\/index.php\/wp-json\/wp\/v2\/users\/3"}],"replies":[{"embeddable":true,"href":"https:\/\/partner.grupodirectweb.com.br\/index.php\/wp-json\/wp\/v2\/comments?post=2216"}],"version-history":[{"count":40,"href":"https:\/\/partner.grupodirectweb.com.br\/index.php\/wp-json\/wp\/v2\/pages\/2216\/revisions"}],"predecessor-version":[{"id":4784,"href":"https:\/\/partner.grupodirectweb.com.br\/index.php\/wp-json\/wp\/v2\/pages\/2216\/revisions\/4784"}],"wp:attachment":[{"href":"https:\/\/partner.grupodirectweb.com.br\/index.php\/wp-json\/wp\/v2\/media?parent=2216"}],"curies":[{"name":"wp","href":"https:\/\/api.w.org\/{rel}","templated":true}]}}