{"id":451,"date":"2023-11-29T15:25:28","date_gmt":"2023-11-29T12:25:28","guid":{"rendered":"https:\/\/devel2.wp.eduead.com.br\/?page_id=451"},"modified":"2024-10-25T21:05:50","modified_gmt":"2024-10-25T18:05:50","slug":"planos-comerciais","status":"publish","type":"page","link":"https:\/\/partner.grupodirectweb.com.br\/index.php\/planos-comerciais\/","title":{"rendered":"Planos Comerciais"},"content":{"rendered":"\t\t<div data-elementor-type=\"wp-page\" data-elementor-id=\"451\" class=\"elementor elementor-451\" data-elementor-post-type=\"page\">\n\t\t\t\t<div class=\"elementor-element elementor-element-6414021e e-flex e-con-boxed e-con e-parent\" data-id=\"6414021e\" data-element_type=\"container\" data-e-type=\"container\" data-settings=\"{&quot;background_background&quot;:&quot;classic&quot;}\">\n\t\t\t\t\t<div class=\"e-con-inner\">\n\t\t<div class=\"elementor-element elementor-element-1aadbb9c e-con-full e-flex e-con e-child\" data-id=\"1aadbb9c\" data-element_type=\"container\" data-e-type=\"container\">\n\t\t\t\t<div class=\"elementor-element elementor-element-32646bf6 elementor-widget__width-initial elementor-widget elementor-widget-image\" data-id=\"32646bf6\" data-element_type=\"widget\" data-e-type=\"widget\" data-widget_type=\"image.default\">\n\t\t\t\t<div class=\"elementor-widget-container\">\n\t\t\t\t\t\t\t\t\t\t\t\t\t\t\t\t<a href=\"https:\/\/saleschannels.com.br\/?preview_id=13&#038;preview_nonce=81c1431027&#038;preview=true\">\n\t\t\t\t\t\t\t<img fetchpriority=\"high\" decoding=\"async\" width=\"768\" height=\"160\" src=\"https:\/\/partner.grupodirectweb.com.br\/wp-content\/uploads\/2023\/11\/sc_afiliados-768x160.png\" class=\"attachment-medium_large size-medium_large wp-image-26\" alt=\"\" srcset=\"https:\/\/partner.grupodirectweb.com.br\/wp-content\/uploads\/2023\/11\/sc_afiliados-768x160.png 768w, https:\/\/partner.grupodirectweb.com.br\/wp-content\/uploads\/2023\/11\/sc_afiliados-300x62.png 300w, https:\/\/partner.grupodirectweb.com.br\/wp-content\/uploads\/2023\/11\/sc_afiliados-1024x213.png 1024w, https:\/\/partner.grupodirectweb.com.br\/wp-content\/uploads\/2023\/11\/sc_afiliados-1536x320.png 1536w, https:\/\/partner.grupodirectweb.com.br\/wp-content\/uploads\/2023\/11\/sc_afiliados-2048x426.png 2048w\" sizes=\"(max-width: 768px) 100vw, 768px\" \/>\t\t\t\t\t\t\t\t<\/a>\n\t\t\t\t\t\t\t\t\t\t\t\t\t\t\t<\/div>\n\t\t\t\t<\/div>\n\t\t\t\t<\/div>\n\t\t<div class=\"elementor-element elementor-element-24fcafb6 e-con-full e-flex e-con e-child\" data-id=\"24fcafb6\" data-element_type=\"container\" data-e-type=\"container\">\n\t\t<div class=\"elementor-element elementor-element-621f425b e-flex e-con-boxed e-con e-child\" data-id=\"621f425b\" data-element_type=\"container\" data-e-type=\"container\">\n\t\t\t\t\t<div class=\"e-con-inner\">\n\t\t<div class=\"elementor-element elementor-element-1127244f e-flex e-con-boxed e-con e-child\" data-id=\"1127244f\" data-element_type=\"container\" data-e-type=\"container\">\n\t\t\t\t\t<div class=\"e-con-inner\">\n\t\t\t\t<div class=\"elementor-element elementor-element-a30415 elementor-align-left elementor-widget elementor-widget-button\" data-id=\"a30415\" data-element_type=\"widget\" data-e-type=\"widget\" data-widget_type=\"button.default\">\n\t\t\t\t<div class=\"elementor-widget-container\">\n\t\t\t\t\t\t\t\t\t<div class=\"elementor-button-wrapper\">\n\t\t\t\t\t<a class=\"elementor-button elementor-button-link elementor-size-sm\" href=\"https:\/\/saleschannels.com.br\/index.php\/login\/?preview_id=140&#038;preview_nonce=d4d28e8864&#038;preview=true\">\n\t\t\t\t\t\t<span class=\"elementor-button-content-wrapper\">\n\t\t\t\t\t\t\t\t\t<span class=\"elementor-button-text\">Suporte<\/span>\n\t\t\t\t\t<\/span>\n\t\t\t\t\t<\/a>\n\t\t\t\t<\/div>\n\t\t\t\t\t\t\t\t<\/div>\n\t\t\t\t<\/div>\n\t\t\t\t\t<\/div>\n\t\t\t\t<\/div>\n\t\t<div class=\"elementor-element elementor-element-2ad264b e-flex e-con-boxed e-con e-child\" data-id=\"2ad264b\" data-element_type=\"container\" data-e-type=\"container\">\n\t\t\t\t\t<div class=\"e-con-inner\">\n\t\t\t\t<div class=\"elementor-element elementor-element-7192be13 elementor-align-left elementor-widget elementor-widget-button\" data-id=\"7192be13\" data-element_type=\"widget\" data-e-type=\"widget\" data-widget_type=\"button.default\">\n\t\t\t\t<div class=\"elementor-widget-container\">\n\t\t\t\t\t\t\t\t\t<div class=\"elementor-button-wrapper\">\n\t\t\t\t\t<a class=\"elementor-button elementor-button-link elementor-size-sm\" href=\"#\">\n\t\t\t\t\t\t<span class=\"elementor-button-content-wrapper\">\n\t\t\t\t\t\t\t\t\t<span class=\"elementor-button-text\">Sobre<\/span>\n\t\t\t\t\t<\/span>\n\t\t\t\t\t<\/a>\n\t\t\t\t<\/div>\n\t\t\t\t\t\t\t\t<\/div>\n\t\t\t\t<\/div>\n\t\t\t\t\t<\/div>\n\t\t\t\t<\/div>\n\t\t<div class=\"elementor-element elementor-element-61d0cede e-flex e-con-boxed e-con e-child\" data-id=\"61d0cede\" data-element_type=\"container\" data-e-type=\"container\">\n\t\t\t\t\t<div class=\"e-con-inner\">\n\t\t\t\t<div class=\"elementor-element elementor-element-ff4152c elementor-align-left elementor-widget elementor-widget-button\" data-id=\"ff4152c\" data-element_type=\"widget\" data-e-type=\"widget\" data-widget_type=\"button.default\">\n\t\t\t\t<div class=\"elementor-widget-container\">\n\t\t\t\t\t\t\t\t\t<div class=\"elementor-button-wrapper\">\n\t\t\t\t\t<a class=\"elementor-button elementor-button-link elementor-size-sm\" href=\"#\">\n\t\t\t\t\t\t<span class=\"elementor-button-content-wrapper\">\n\t\t\t\t\t\t\t\t\t<span class=\"elementor-button-text\">Servi\u00e7os<\/span>\n\t\t\t\t\t<\/span>\n\t\t\t\t\t<\/a>\n\t\t\t\t<\/div>\n\t\t\t\t\t\t\t\t<\/div>\n\t\t\t\t<\/div>\n\t\t\t\t\t<\/div>\n\t\t\t\t<\/div>\n\t\t\t\t\t<\/div>\n\t\t\t\t<\/div>\n\t\t\t\t<\/div>\n\t\t\t\t\t<\/div>\n\t\t\t\t<\/div>\n\t\t<div class=\"elementor-element elementor-element-7982ec61 e-flex e-con-boxed e-con e-parent\" data-id=\"7982ec61\" data-element_type=\"container\" data-e-type=\"container\" data-settings=\"{&quot;background_background&quot;:&quot;gradient&quot;}\">\n\t\t\t\t\t<div class=\"e-con-inner\">\n\t\t<div class=\"elementor-element elementor-element-25709e4a e-con-full e-flex e-con e-child\" data-id=\"25709e4a\" data-element_type=\"container\" data-e-type=\"container\">\n\t\t\t\t<div class=\"elementor-element elementor-element-319dca59 elementor-widget elementor-widget-heading\" data-id=\"319dca59\" data-element_type=\"widget\" data-e-type=\"widget\" data-widget_type=\"heading.default\">\n\t\t\t\t<div class=\"elementor-widget-container\">\n\t\t\t\t\t<h2 class=\"elementor-heading-title elementor-size-default\">Business Action Partner<\/h2>\t\t\t\t<\/div>\n\t\t\t\t<\/div>\n\t\t\t\t<div class=\"elementor-element elementor-element-5ac8195f elementor-widget-divider--view-line elementor-widget elementor-widget-divider\" data-id=\"5ac8195f\" data-element_type=\"widget\" data-e-type=\"widget\" data-widget_type=\"divider.default\">\n\t\t\t\t<div class=\"elementor-widget-container\">\n\t\t\t\t\t\t\t<div class=\"elementor-divider\">\n\t\t\t<span class=\"elementor-divider-separator\">\n\t\t\t\t\t\t<\/span>\n\t\t<\/div>\n\t\t\t\t\t\t<\/div>\n\t\t\t\t<\/div>\n\t\t\t\t<\/div>\n\t\t<div class=\"elementor-element elementor-element-b7e5600 e-con-full e-flex e-con e-child\" data-id=\"b7e5600\" data-element_type=\"container\" data-e-type=\"container\">\n\t\t<div class=\"elementor-element elementor-element-7772628 e-flex e-con-boxed e-con e-child\" data-id=\"7772628\" data-element_type=\"container\" data-e-type=\"container\">\n\t\t\t\t\t<div class=\"e-con-inner\">\n\t\t\t\t<div class=\"elementor-element elementor-element-6cf8fac elementor-widget elementor-widget-image\" data-id=\"6cf8fac\" data-element_type=\"widget\" data-e-type=\"widget\" data-widget_type=\"image.default\">\n\t\t\t\t<div class=\"elementor-widget-container\">\n\t\t\t\t\t\t\t\t\t\t\t\t\t\t\t<img decoding=\"async\" width=\"800\" height=\"800\" src=\"https:\/\/partner.grupodirectweb.com.br\/wp-content\/uploads\/2023\/11\/Paid-idea-pana-1024x1024.png\" class=\"attachment-large size-large wp-image-487\" alt=\"\" srcset=\"https:\/\/partner.grupodirectweb.com.br\/wp-content\/uploads\/2023\/11\/Paid-idea-pana-1024x1024.png 1024w, https:\/\/partner.grupodirectweb.com.br\/wp-content\/uploads\/2023\/11\/Paid-idea-pana-300x300.png 300w, https:\/\/partner.grupodirectweb.com.br\/wp-content\/uploads\/2023\/11\/Paid-idea-pana-150x150.png 150w, https:\/\/partner.grupodirectweb.com.br\/wp-content\/uploads\/2023\/11\/Paid-idea-pana-768x768.png 768w, https:\/\/partner.grupodirectweb.com.br\/wp-content\/uploads\/2023\/11\/Paid-idea-pana-1536x1536.png 1536w, https:\/\/partner.grupodirectweb.com.br\/wp-content\/uploads\/2023\/11\/Paid-idea-pana.png 2000w\" sizes=\"(max-width: 800px) 100vw, 800px\" \/>\t\t\t\t\t\t\t\t\t\t\t\t\t\t\t<\/div>\n\t\t\t\t<\/div>\n\t\t\t\t\t<\/div>\n\t\t\t\t<\/div>\n\t\t<div class=\"elementor-element elementor-element-a4536ff e-con-full e-flex e-con e-child\" data-id=\"a4536ff\" data-element_type=\"container\" data-e-type=\"container\">\n\t\t\t\t<div class=\"elementor-element elementor-element-0943b3d elementor-widget elementor-widget-heading\" data-id=\"0943b3d\" data-element_type=\"widget\" data-e-type=\"widget\" data-widget_type=\"heading.default\">\n\t\t\t\t<div class=\"elementor-widget-container\">\n\t\t\t\t\t<h2 class=\"elementor-heading-title elementor-size-default\">Receba pelas indica\u00e7\u00f5es!<\/h2>\t\t\t\t<\/div>\n\t\t\t\t<\/div>\n\t\t\t\t<div class=\"elementor-element elementor-element-0fb123d class_texto elementor-widget elementor-widget-text-editor\" data-id=\"0fb123d\" data-element_type=\"widget\" data-e-type=\"widget\" data-widget_type=\"text-editor.default\">\n\t\t\t\t<div class=\"elementor-widget-container\">\n\t\t\t\t\t\t\t\t\t<p>Fa\u00e7a uma renda extra realizando indica\u00e7\u00f5es! Veja indica\u00e7\u00f5es comissionadas em\u00a0 percentagem .<\/p><p>Para saber mais, <a style=\"color: #ff4d00;\" href=\"https:\/\/saleschannels.com.br\/index.php\/sobre-planos-ind\/\">clique aqui.<\/a><\/p>\t\t\t\t\t\t\t\t<\/div>\n\t\t\t\t<\/div>\n\t\t\t\t<\/div>\n\t\t\t\t<\/div>\n\t\t<div class=\"elementor-element elementor-element-062560c e-con-full e-flex e-con e-child\" data-id=\"062560c\" data-element_type=\"container\" data-e-type=\"container\">\n\t\t\t\t<div class=\"elementor-element elementor-element-fa962c7 elementor-widget elementor-widget-heading\" data-id=\"fa962c7\" data-element_type=\"widget\" data-e-type=\"widget\" data-widget_type=\"heading.default\">\n\t\t\t\t<div class=\"elementor-widget-container\">\n\t\t\t\t\t<h2 class=\"elementor-heading-title elementor-size-default\">Success Comission<\/h2>\t\t\t\t<\/div>\n\t\t\t\t<\/div>\n\t\t\t\t<div class=\"elementor-element elementor-element-42acd37 elementor-widget-divider--view-line elementor-widget elementor-widget-divider\" data-id=\"42acd37\" data-element_type=\"widget\" data-e-type=\"widget\" data-widget_type=\"divider.default\">\n\t\t\t\t<div class=\"elementor-widget-container\">\n\t\t\t\t\t\t\t<div class=\"elementor-divider\">\n\t\t\t<span class=\"elementor-divider-separator\">\n\t\t\t\t\t\t<\/span>\n\t\t<\/div>\n\t\t\t\t\t\t<\/div>\n\t\t\t\t<\/div>\n\t\t\t\t<\/div>\n\t\t<div class=\"elementor-element elementor-element-40c06b51 e-flex e-con-boxed e-con e-child\" data-id=\"40c06b51\" data-element_type=\"container\" data-e-type=\"container\" data-settings=\"{&quot;background_background&quot;:&quot;classic&quot;}\">\n\t\t\t\t\t<div class=\"e-con-inner\">\n\t\t<div class=\"elementor-element elementor-element-a5f9f09 e-flex e-con-boxed e-con e-child\" data-id=\"a5f9f09\" data-element_type=\"container\" data-e-type=\"container\">\n\t\t\t\t\t<div class=\"e-con-inner\">\n\t\t\t\t<div class=\"elementor-element elementor-element-08e7075 elementor-widget elementor-widget-text-editor\" data-id=\"08e7075\" data-element_type=\"widget\" data-e-type=\"widget\" data-widget_type=\"text-editor.default\">\n\t\t\t\t<div class=\"elementor-widget-container\">\n\t\t\t\t\t\t\t\t\t<p>A Success Commssion e seus valores ser\u00e3o concedidas, de acordo com o tipo de negocia\u00e7\u00e3o levada a efeito e estar\u00e3o relacionadas \u00e0 negocia\u00e7\u00e3o econ\u00f4mica de sucesso entre a venda e a compra do produto ou servi\u00e7o, considerando ainda o modelo de neg\u00f3cios loca\u00e7\u00f5es podendo chegar a 10% pagos uma \u00fanica vez ou durante 6 ou mais meses.&nbsp; &nbsp;&nbsp;<\/p>\n<p><span style=\"background-color: transparent;\">Considere que a respectiva Comiss\u00e3o de Sucesso ser\u00e1 paga somente ap\u00f3s ser efetivada a venda, assim&nbsp; como somente ap\u00f3s feito o faturamento ao cliente e este ter pago a sua responsabilidade pela compra ou seja a empresa envolvida ter recebido os pagamentos do j\u00e1 cliente e quita\u00e7\u00e3o dos valores correspondentes.&nbsp;<\/span><\/p>\t\t\t\t\t\t\t\t<\/div>\n\t\t\t\t<\/div>\n\t\t\t\t\t<\/div>\n\t\t\t\t<\/div>\n\t\t<div class=\"elementor-element elementor-element-262db67 e-con-full elementor-hidden-desktop elementor-hidden-tablet elementor-hidden-mobile e-flex e-con e-child\" data-id=\"262db67\" data-element_type=\"container\" data-e-type=\"container\">\n\t\t<div class=\"elementor-element elementor-element-86d2226 e-flex e-con-boxed e-con e-child\" data-id=\"86d2226\" data-element_type=\"container\" data-e-type=\"container\" data-settings=\"{&quot;background_background&quot;:&quot;classic&quot;}\">\n\t\t\t\t\t<div class=\"e-con-inner\">\n\t\t<div class=\"elementor-element elementor-element-600a776 e-flex e-con-boxed e-con e-child\" data-id=\"600a776\" data-element_type=\"container\" data-e-type=\"container\">\n\t\t\t\t\t<div class=\"e-con-inner\">\n\t\t\t\t<div class=\"elementor-element elementor-element-429e1e3 elementor-widget elementor-widget-heading\" data-id=\"429e1e3\" data-element_type=\"widget\" data-e-type=\"widget\" data-widget_type=\"heading.default\">\n\t\t\t\t<div class=\"elementor-widget-container\">\n\t\t\t\t\t<h2 class=\"elementor-heading-title elementor-size-default\">BASIC<\/h2>\t\t\t\t<\/div>\n\t\t\t\t<\/div>\n\t\t\t\t<div class=\"elementor-element elementor-element-8612f07 elementor-widget elementor-widget-heading\" data-id=\"8612f07\" data-element_type=\"widget\" data-e-type=\"widget\" data-widget_type=\"heading.default\">\n\t\t\t\t<div class=\"elementor-widget-container\">\n\t\t\t\t\t<h2 class=\"elementor-heading-title elementor-size-default\">Produtos at\u00e9 <span style=\"color: #FF4D00;font-size: 30px\">R$ 600,00<\/span><\/h2>\t\t\t\t<\/div>\n\t\t\t\t<\/div>\n\t\t\t\t<div class=\"elementor-element elementor-element-d9129a5 elementor-widget elementor-widget-heading\" data-id=\"d9129a5\" data-element_type=\"widget\" data-e-type=\"widget\" data-widget_type=\"heading.default\">\n\t\t\t\t<div class=\"elementor-widget-container\">\n\t\t\t\t\t<h2 class=\"elementor-heading-title elementor-size-default\"><span style=\"color: #FF4D00;font-size: 30px\">50%<\/span> de comiss\u00f5es.<\/h2>\t\t\t\t<\/div>\n\t\t\t\t<\/div>\n\t\t\t\t\t<\/div>\n\t\t\t\t<\/div>\n\t\t\t\t\t<\/div>\n\t\t\t\t<\/div>\n\t\t<div class=\"elementor-element elementor-element-35006bb e-flex e-con-boxed e-con e-child\" data-id=\"35006bb\" data-element_type=\"container\" data-e-type=\"container\" data-settings=\"{&quot;background_background&quot;:&quot;classic&quot;}\">\n\t\t\t\t\t<div class=\"e-con-inner\">\n\t\t<div class=\"elementor-element elementor-element-322ef89 e-flex e-con-boxed e-con e-child\" data-id=\"322ef89\" data-element_type=\"container\" data-e-type=\"container\">\n\t\t\t\t\t<div class=\"e-con-inner\">\n\t\t\t\t<div class=\"elementor-element elementor-element-b1d7b74 elementor-widget elementor-widget-heading\" data-id=\"b1d7b74\" data-element_type=\"widget\" data-e-type=\"widget\" data-widget_type=\"heading.default\">\n\t\t\t\t<div class=\"elementor-widget-container\">\n\t\t\t\t\t<h2 class=\"elementor-heading-title elementor-size-default\">ADVANCED<\/h2>\t\t\t\t<\/div>\n\t\t\t\t<\/div>\n\t\t\t\t<div class=\"elementor-element elementor-element-fa4c306 elementor-widget elementor-widget-heading\" data-id=\"fa4c306\" data-element_type=\"widget\" data-e-type=\"widget\" data-widget_type=\"heading.default\">\n\t\t\t\t<div class=\"elementor-widget-container\">\n\t\t\t\t\t<h2 class=\"elementor-heading-title elementor-size-default\">Produtos at\u00e9 <span style=\"color: #FF4D00;font-size: 30px\">R$ 601,00<\/span> a <br> <span style=\"color: #FF4D00;font-size: 30px\">R$ 1.200,00<\/span><\/h2>\t\t\t\t<\/div>\n\t\t\t\t<\/div>\n\t\t\t\t<div class=\"elementor-element elementor-element-c9031b9 elementor-widget elementor-widget-heading\" data-id=\"c9031b9\" data-element_type=\"widget\" data-e-type=\"widget\" data-widget_type=\"heading.default\">\n\t\t\t\t<div class=\"elementor-widget-container\">\n\t\t\t\t\t<h2 class=\"elementor-heading-title elementor-size-default\"><span style=\"color: #FF4D00;font-size: 30px\">75%<\/span> de comiss\u00f5es.<\/h2>\t\t\t\t<\/div>\n\t\t\t\t<\/div>\n\t\t\t\t\t<\/div>\n\t\t\t\t<\/div>\n\t\t\t\t\t<\/div>\n\t\t\t\t<\/div>\n\t\t\t\t<\/div>\n\t\t<div class=\"elementor-element elementor-element-5e808c4 e-con-full elementor-hidden-desktop elementor-hidden-tablet elementor-hidden-mobile e-flex e-con e-child\" data-id=\"5e808c4\" data-element_type=\"container\" data-e-type=\"container\" data-settings=\"{&quot;background_background&quot;:&quot;classic&quot;}\">\n\t\t<div class=\"elementor-element elementor-element-39c4140 e-flex e-con-boxed e-con e-child\" data-id=\"39c4140\" data-element_type=\"container\" data-e-type=\"container\" data-settings=\"{&quot;background_background&quot;:&quot;classic&quot;}\">\n\t\t\t\t\t<div class=\"e-con-inner\">\n\t\t<div class=\"elementor-element elementor-element-35d757c e-flex e-con-boxed e-con e-child\" data-id=\"35d757c\" data-element_type=\"container\" data-e-type=\"container\">\n\t\t\t\t\t<div class=\"e-con-inner\">\n\t\t\t\t<div class=\"elementor-element elementor-element-99436bc elementor-widget elementor-widget-heading\" data-id=\"99436bc\" data-element_type=\"widget\" data-e-type=\"widget\" data-widget_type=\"heading.default\">\n\t\t\t\t<div class=\"elementor-widget-container\">\n\t\t\t\t\t<h2 class=\"elementor-heading-title elementor-size-default\">ENTERPRISE<\/h2>\t\t\t\t<\/div>\n\t\t\t\t<\/div>\n\t\t\t\t<div class=\"elementor-element elementor-element-b25b7c4 elementor-widget elementor-widget-heading\" data-id=\"b25b7c4\" data-element_type=\"widget\" data-e-type=\"widget\" data-widget_type=\"heading.default\">\n\t\t\t\t<div class=\"elementor-widget-container\">\n\t\t\t\t\t<h2 class=\"elementor-heading-title elementor-size-default\">Produtos de <span style=\"color: #FF4D00;font-size: 30px\">R$ 1.201,00<\/span><\/h2>\t\t\t\t<\/div>\n\t\t\t\t<\/div>\n\t\t\t\t<div class=\"elementor-element elementor-element-f2b54bb elementor-widget elementor-widget-heading\" data-id=\"f2b54bb\" data-element_type=\"widget\" data-e-type=\"widget\" data-widget_type=\"heading.default\">\n\t\t\t\t<div class=\"elementor-widget-container\">\n\t\t\t\t\t<h2 class=\"elementor-heading-title elementor-size-default\"><span style=\"color: #FF4D00;font-size: 30px\">100%<\/span> de comiss\u00f5es.<\/h2>\t\t\t\t<\/div>\n\t\t\t\t<\/div>\n\t\t\t\t\t<\/div>\n\t\t\t\t<\/div>\n\t\t\t\t\t<\/div>\n\t\t\t\t<\/div>\n\t\t<div class=\"elementor-element elementor-element-b9e2fb2 e-flex e-con-boxed e-con e-child\" data-id=\"b9e2fb2\" data-element_type=\"container\" data-e-type=\"container\" data-settings=\"{&quot;background_background&quot;:&quot;classic&quot;}\">\n\t\t\t\t\t<div class=\"e-con-inner\">\n\t\t<div class=\"elementor-element elementor-element-863be7d e-flex e-con-boxed e-con e-child\" data-id=\"863be7d\" data-element_type=\"container\" data-e-type=\"container\">\n\t\t\t\t\t<div class=\"e-con-inner\">\n\t\t\t\t<div class=\"elementor-element elementor-element-6e5d7f5 elementor-widget elementor-widget-heading\" data-id=\"6e5d7f5\" data-element_type=\"widget\" data-e-type=\"widget\" data-widget_type=\"heading.default\">\n\t\t\t\t<div class=\"elementor-widget-container\">\n\t\t\t\t\t<h2 class=\"elementor-heading-title elementor-size-default\">VIP<\/h2>\t\t\t\t<\/div>\n\t\t\t\t<\/div>\n\t\t\t\t<div class=\"elementor-element elementor-element-a52c069 elementor-widget elementor-widget-heading\" data-id=\"a52c069\" data-element_type=\"widget\" data-e-type=\"widget\" data-widget_type=\"heading.default\">\n\t\t\t\t<div class=\"elementor-widget-container\">\n\t\t\t\t\t<h2 class=\"elementor-heading-title elementor-size-default\">Produtos de <span style=\"color: #FF4D00;font-size: 30px\">R$ 1.202,00<\/span> acima <\/h2>\t\t\t\t<\/div>\n\t\t\t\t<\/div>\n\t\t\t\t<div class=\"elementor-element elementor-element-a583dcd elementor-widget elementor-widget-heading\" data-id=\"a583dcd\" data-element_type=\"widget\" data-e-type=\"widget\" data-widget_type=\"heading.default\">\n\t\t\t\t<div class=\"elementor-widget-container\">\n\t\t\t\t\t<h2 class=\"elementor-heading-title elementor-size-default\"><span style=\"color: #FF4D00;font-size: 30px\">a\n combinar<\/span>.<\/h2>\t\t\t\t<\/div>\n\t\t\t\t<\/div>\n\t\t\t\t\t<\/div>\n\t\t\t\t<\/div>\n\t\t\t\t\t<\/div>\n\t\t\t\t<\/div>\n\t\t\t\t<\/div>\n\t\t<div class=\"elementor-element elementor-element-b660be8 e-con-full elementor-hidden-desktop elementor-hidden-tablet elementor-hidden-mobile e-flex e-con e-child\" data-id=\"b660be8\" data-element_type=\"container\" data-e-type=\"container\" data-settings=\"{&quot;background_background&quot;:&quot;classic&quot;}\">\n\t\t<div class=\"elementor-element elementor-element-6182cd8 e-flex e-con-boxed e-con e-child\" data-id=\"6182cd8\" data-element_type=\"container\" data-e-type=\"container\" data-settings=\"{&quot;background_background&quot;:&quot;classic&quot;}\">\n\t\t\t\t\t<div class=\"e-con-inner\">\n\t\t<div class=\"elementor-element elementor-element-ba343a1 e-flex e-con-boxed e-con e-child\" data-id=\"ba343a1\" data-element_type=\"container\" data-e-type=\"container\">\n\t\t\t\t\t<div class=\"e-con-inner\">\n\t\t\t\t<div class=\"elementor-element elementor-element-e50406c elementor-widget elementor-widget-heading\" data-id=\"e50406c\" data-element_type=\"widget\" data-e-type=\"widget\" data-widget_type=\"heading.default\">\n\t\t\t\t<div class=\"elementor-widget-container\">\n\t\t\t\t\t<h2 class=\"elementor-heading-title elementor-size-default\">REIG<\/h2>\t\t\t\t<\/div>\n\t\t\t\t<\/div>\n\t\t\t\t<div class=\"elementor-element elementor-element-5fbcd20 elementor-widget elementor-widget-heading\" data-id=\"5fbcd20\" data-element_type=\"widget\" data-e-type=\"widget\" data-widget_type=\"heading.default\">\n\t\t\t\t<div class=\"elementor-widget-container\">\n\t\t\t\t\t<h2 class=\"elementor-heading-title elementor-size-default\"> <span style=\"color: #FF4D00;font-size: 30px\">Especial<\/span> <\/h2>\t\t\t\t<\/div>\n\t\t\t\t<\/div>\n\t\t\t\t<div class=\"elementor-element elementor-element-d528aed elementor-widget elementor-widget-heading\" data-id=\"d528aed\" data-element_type=\"widget\" data-e-type=\"widget\" data-widget_type=\"heading.default\">\n\t\t\t\t<div class=\"elementor-widget-container\">\n\t\t\t\t\t<h2 class=\"elementor-heading-title elementor-size-default\"><span style=\"color: #FF4D00;font-size: 30px\">Mensais<\/span>.<\/h2>\t\t\t\t<\/div>\n\t\t\t\t<\/div>\n\t\t\t\t\t<\/div>\n\t\t\t\t<\/div>\n\t\t\t\t\t<\/div>\n\t\t\t\t<\/div>\n\t\t\t\t<\/div>\n\t\t\t\t\t<\/div>\n\t\t\t\t<\/div>\n\t\t\t\t\t<\/div>\n\t\t\t\t<\/div>\n\t\t<div class=\"elementor-element elementor-element-6e8e4255 e-flex e-con-boxed e-con e-parent\" data-id=\"6e8e4255\" data-element_type=\"container\" data-e-type=\"container\" data-settings=\"{&quot;background_background&quot;:&quot;classic&quot;}\">\n\t\t\t\t\t<div class=\"e-con-inner\">\n\t\t<div class=\"elementor-element elementor-element-24b36d3a e-con-full e-flex e-con e-child\" data-id=\"24b36d3a\" data-element_type=\"container\" data-e-type=\"container\">\n\t\t\t\t<div class=\"elementor-element elementor-element-29b22860 elementor-widget__width-inherit elementor-widget elementor-widget-image\" data-id=\"29b22860\" data-element_type=\"widget\" data-e-type=\"widget\" data-widget_type=\"image.default\">\n\t\t\t\t<div class=\"elementor-widget-container\">\n\t\t\t\t\t\t\t\t\t\t\t\t\t\t\t\t<a href=\"https:\/\/partner.grupodirectweb.com.br\">\n\t\t\t\t\t\t\t<img decoding=\"async\" width=\"4884\" height=\"1017\" src=\"https:\/\/partner.grupodirectweb.com.br\/wp-content\/uploads\/2023\/11\/sc_afiliados.png\" class=\"attachment-full size-full wp-image-26\" alt=\"\" srcset=\"https:\/\/partner.grupodirectweb.com.br\/wp-content\/uploads\/2023\/11\/sc_afiliados.png 4884w, https:\/\/partner.grupodirectweb.com.br\/wp-content\/uploads\/2023\/11\/sc_afiliados-300x62.png 300w, https:\/\/partner.grupodirectweb.com.br\/wp-content\/uploads\/2023\/11\/sc_afiliados-1024x213.png 1024w, https:\/\/partner.grupodirectweb.com.br\/wp-content\/uploads\/2023\/11\/sc_afiliados-768x160.png 768w, https:\/\/partner.grupodirectweb.com.br\/wp-content\/uploads\/2023\/11\/sc_afiliados-1536x320.png 1536w, https:\/\/partner.grupodirectweb.com.br\/wp-content\/uploads\/2023\/11\/sc_afiliados-2048x426.png 2048w\" sizes=\"(max-width: 4884px) 100vw, 4884px\" \/>\t\t\t\t\t\t\t\t<\/a>\n\t\t\t\t\t\t\t\t\t\t\t\t\t\t\t<\/div>\n\t\t\t\t<\/div>\n\t\t<div class=\"elementor-element elementor-element-332872f3 e-con-full e-flex e-con e-child\" data-id=\"332872f3\" data-element_type=\"container\" data-e-type=\"container\">\n\t\t\t\t<div class=\"elementor-element elementor-element-7e11e4c4 elementor-widget elementor-widget-heading\" data-id=\"7e11e4c4\" data-element_type=\"widget\" data-e-type=\"widget\" data-widget_type=\"heading.default\">\n\t\t\t\t<div class=\"elementor-widget-container\">\n\t\t\t\t\t<h4 class=\"elementor-heading-title elementor-size-default\">SALES.CHANNELS<\/h4>\t\t\t\t<\/div>\n\t\t\t\t<\/div>\n\t\t\t\t<\/div>\n\t\t\t\t<\/div>\n\t\t\t\t\t<\/div>\n\t\t\t\t<\/div>\n\t\t\t\t<\/div>\n\t\t","protected":false},"excerpt":{"rendered":"<p>Suporte Sobre Servi\u00e7os Business Action Partner Receba pelas indica\u00e7\u00f5es! Fa\u00e7a uma renda extra realizando indica\u00e7\u00f5es! Veja indica\u00e7\u00f5es comissionadas em\u00a0 percentagem . Para saber mais, clique aqui. Success Comission A Success Commssion e seus valores ser\u00e3o concedidas, de acordo com o tipo de negocia\u00e7\u00e3o levada a efeito e estar\u00e3o relacionadas \u00e0 negocia\u00e7\u00e3o econ\u00f4mica de sucesso entre [&hellip;]<\/p>\n","protected":false},"author":3,"featured_media":0,"parent":0,"menu_order":0,"comment_status":"closed","ping_status":"closed","template":"elementor_canvas","meta":{"_acf_changed":false,"pmpro_default_level":"","footnotes":""},"class_list":["post-451","page","type-page","status-publish","hentry","pmpro-has-access"],"acf":[],"_links":{"self":[{"href":"https:\/\/partner.grupodirectweb.com.br\/index.php\/wp-json\/wp\/v2\/pages\/451","targetHints":{"allow":["GET"]}}],"collection":[{"href":"https:\/\/partner.grupodirectweb.com.br\/index.php\/wp-json\/wp\/v2\/pages"}],"about":[{"href":"https:\/\/partner.grupodirectweb.com.br\/index.php\/wp-json\/wp\/v2\/types\/page"}],"author":[{"embeddable":true,"href":"https:\/\/partner.grupodirectweb.com.br\/index.php\/wp-json\/wp\/v2\/users\/3"}],"replies":[{"embeddable":true,"href":"https:\/\/partner.grupodirectweb.com.br\/index.php\/wp-json\/wp\/v2\/comments?post=451"}],"version-history":[{"count":64,"href":"https:\/\/partner.grupodirectweb.com.br\/index.php\/wp-json\/wp\/v2\/pages\/451\/revisions"}],"predecessor-version":[{"id":5951,"href":"https:\/\/partner.grupodirectweb.com.br\/index.php\/wp-json\/wp\/v2\/pages\/451\/revisions\/5951"}],"wp:attachment":[{"href":"https:\/\/partner.grupodirectweb.com.br\/index.php\/wp-json\/wp\/v2\/media?parent=451"}],"curies":[{"name":"wp","href":"https:\/\/api.w.org\/{rel}","templated":true}]}}